{"id":87,"date":"2024-05-20T16:46:24","date_gmt":"2024-05-20T14:46:24","guid":{"rendered":"https:\/\/bibliodrama-gesellschaft.de\/wp\/?page_id=87"},"modified":"2026-03-25T18:08:59","modified_gmt":"2026-03-25T17:08:59","slug":"grenzueberschreitendes","status":"publish","type":"page","link":"https:\/\/bibliodrama-gesellschaft.de\/wp\/grenzueberschreitendes\/","title":{"rendered":"Grenz\u00fcberschreitendes"},"content":{"rendered":"\n<figure class=\"wp-block-image size-large\"><img loading=\"lazy\" decoding=\"async\" width=\"1024\" height=\"489\" src=\"https:\/\/bibliodrama-gesellschaft.de\/wp\/wp-content\/uploads\/2024\/05\/european-flag-1024x489.jpg\" alt=\"\" class=\"wp-image-118\" srcset=\"https:\/\/bibliodrama-gesellschaft.de\/wp\/wp-content\/uploads\/2024\/05\/european-flag-1024x489.jpg 1024w, https:\/\/bibliodrama-gesellschaft.de\/wp\/wp-content\/uploads\/2024\/05\/european-flag-300x143.jpg 300w, https:\/\/bibliodrama-gesellschaft.de\/wp\/wp-content\/uploads\/2024\/05\/european-flag-768x367.jpg 768w, https:\/\/bibliodrama-gesellschaft.de\/wp\/wp-content\/uploads\/2024\/05\/european-flag.jpg 1277w\" sizes=\"auto, (max-width: 1024px) 100vw, 1024px\" \/><\/figure>\n\n\n\n<h2 class=\"wp-block-heading\">Partner f\u00fcr Europa<\/h2>\n\n\n\n<p>Die GfB wurde f\u00fcr ihr Engagement f\u00fcr Europa von der Deutschen Nationalen Agentur Bildung f\u00fcr Europa mit dem Projektschild <em><strong>Partner f\u00fcr Europa<\/strong><\/em> ausgezeichnet. In dem Schreiben heisst es: &#8222;Das Schild dokumentiert Ihren Einsatz f\u00fcr Europa. &#8230; und kann als Bekenntnis zu Europa wahrgenommen werden.&#8220;<\/p>\n\n\n\n<figure class=\"wp-block-image size-large\"><img loading=\"lazy\" decoding=\"async\" width=\"1024\" height=\"292\" src=\"https:\/\/bibliodrama-gesellschaft.de\/wp\/wp-content\/uploads\/2024\/05\/eu_flag_co_funded_pos__rgb__right__2_-1024x292.jpg\" alt=\"\" class=\"wp-image-126\" srcset=\"https:\/\/bibliodrama-gesellschaft.de\/wp\/wp-content\/uploads\/2024\/05\/eu_flag_co_funded_pos__rgb__right__2_-1024x292.jpg 1024w, https:\/\/bibliodrama-gesellschaft.de\/wp\/wp-content\/uploads\/2024\/05\/eu_flag_co_funded_pos__rgb__right__2_-300x86.jpg 300w, https:\/\/bibliodrama-gesellschaft.de\/wp\/wp-content\/uploads\/2024\/05\/eu_flag_co_funded_pos__rgb__right__2_-768x219.jpg 768w, https:\/\/bibliodrama-gesellschaft.de\/wp\/wp-content\/uploads\/2024\/05\/eu_flag_co_funded_pos__rgb__right__2_-1536x439.jpg 1536w, https:\/\/bibliodrama-gesellschaft.de\/wp\/wp-content\/uploads\/2024\/05\/eu_flag_co_funded_pos__rgb__right__2_.jpg 1964w\" sizes=\"auto, (max-width: 1024px) 100vw, 1024px\" \/><\/figure>\n\n\n\n<h2 class=\"wp-block-heading\">Bibliodrama als Form interkultureller Bildung und Begegnung<\/h2>\n\n\n\n<p>Bibliodrama ist eine Form kulturell-religi\u00f6ser Bildung, die sich auf gemeinsame Traditionsbest\u00e4nde \/ &#8218;heilige Texte&#8216; bezieht und haupts\u00e4chlich \u00e4sthetische Medien zur Kl\u00e4rung und Verst\u00e4ndigung verwendet. Dadurch ist es besonders geeignet f\u00fcr Bildungsprozesse in sprachlich oder kulturell gemischten Gruppen.<\/p>\n\n\n\n<p>Bibliodramaworkshops finden statt in Einrichtungen der \u00f6ffentlichen und beruflichen Bildung in der konfessionellen Erwachsenenbildung&nbsp; manchmal auch an Volkshochschulen statt und wenden sich an christliche und j\u00fcdische, aber auch muslimische, buddhistische und konfessionslose Personen.<br><br>Die GfB m\u00f6chte mit dem Europ\u00e4ischen Bibliodrama Fortbildungsprogramm&nbsp; bewusst ihren Beitrag zur Entwicklung eines lebendigen europ\u00e4ischen Bewusstseins in einer europ\u00e4ischen Bildungslandschaft leisten sowie neue Anspracheformen anregen und neue Zielgruppen erschlie\u00dfen.<br><br>Das Europ\u00e4ische Fortbildungsprogramm umfasst<\/p>\n\n\n\n<ul class=\"wp-block-list\">\n<li>Bibliodrama-Basiskurse f\u00fcr Kursleitende, die keine Bibliodrama-Fortbildung haben<\/li>\n\n\n\n<li>Bibliodrama-Aufbauworkshops f\u00fcr Personen mit einer Fortbildung zur Bibliodramaleitung (z.B. Basiskurs)<\/li>\n\n\n\n<li>Europ\u00e4ische Bibliodrama-Kongresse, die neben exemplarischen Workshops spezielle Informationen zur bibliodramatischen Praxis und zur Stellung von Erwachsenenbildung in der nationalen Bildungslandschaft bieten.<\/li>\n<\/ul>\n\n\n\n<p>In allen drei Fortbildungsformen k\u00f6nnen die Teilnehmenden Bibliodrama mit gemischter Teilnehmerschaft und Leitung erfahren, beobachten,&nbsp; reflektieren und in den Kursen und Fortbildungen auch \u00fcben.&nbsp; Dadurch erwerben sie die Motivation und Kompetenz, selber solche Gruppen zu leiten. Gleichzeitig finden sie Einrichtungen und Kursleitende als m\u00f6gliche Partner f\u00fcr transnationale Angebote.<\/p>\n\n\n\n<p>Die Gesellschaft f\u00fcr Bibliodrama selbst stellt damit das Personal zur Verf\u00fcgung, um solche gemischten Angebote in der \u00f6ffentlichen und&nbsp; beruflichen Erwachsenenbildung sowie in den Kirchgemeinden, freien Initiativen und in der \u00fcbrigen Arbeit mit Migranten anregen und durchf\u00fchren zu k\u00f6nnen.<\/p>\n\n\n\n<h4 class=\"wp-block-heading\"><strong>Arbeitshilfen f\u00fcr interkulturelles Bibliodrama<\/strong><\/h4>\n\n\n\n<ol start=\"1\" class=\"wp-block-list\">\n<li>Bibliodrama mit <strong><a href=\"https:\/\/padlet.com\/wolfgangwesenberg\/mehrsprachiges-bibliodrama-arbeitshilfe-iz5xnsbkasqwrvw4\/wish\/jpoxaj3o4VwzQbPE\">mehrsprachigen Grup<\/a>pen<\/strong>   &#8211;   Oder\u00a0<a href=\"https:\/\/bibliodramagesellschaft.sharepoint.com\/:b:\/s\/ERASMUS-Administration\/IQDOjBBoziYOQIebJlvjATQ9AWlbU4lY-lWuWzkYCJv9zh0?e=iTc6Hc\">Arbeitshilfe_Bibliodrama-mehrsprachig &amp;WW<\/a>\u00a0(nur GfB-Mitglieder)<\/li>\n\n\n\n<li>Guidelines for <a href=\"https:\/\/www.dropbox.com\/scl\/fi\/ylvwlvkctyxt8bcxi6fhh\/Guidelines-for-working-in-mixed-teams.doc?rlkey=z9kfy2hej6d9nxrr8qeh710bm&amp;st=95eul7l5&amp;dl=0\"><strong>Leading in cultural mixed Teams (2018)<\/strong><\/a><\/li>\n\n\n\n<li>Impressionen nach der<strong> <a href=\"https:\/\/www.dropbox.com\/scl\/fi\/z9ivv6xtxvs3f4njl5fts\/Nachgespr-ch-dt.-Welle-Mai-2021.docx?rlkey=w2zkil209yvpwzzqxc2zx0mkp&amp;st=22okvygd&amp;dl=0\">ersten Online-Welle 2021<\/a><\/strong><\/li>\n\n\n\n<li><a href=\"https:\/\/www.dropbox.com\/scl\/fo\/dw34ynv8ywbq6rae2blcg\/ACgkMT2dJDYMAHxFYHpAkJk?rlkey=rcqtqfac1fqvhcoaof1d0bete&amp;st=qqi1x2je&amp;dl=0\"><strong>Modellprojekt<\/strong><\/a> \u201dMaria in Bibel und Koran\u201c<\/li>\n\n\n\n<li><strong><a href=\"https:\/\/www.dropbox.com\/scl\/fi\/d6bm47grc08avj9gosamo\/Auf-dem-Weg-_-Gesamtbericht.pdf?rlkey=4p7hcxsm8qzcizrsgts317284&amp;st=8dxrzbc4&amp;dl=0\">Gesichtspunkte<\/a> <\/strong>f\u00fcr Europ\u00e4ische Bibliodrama-Fortbildungen<\/li>\n\n\n\n<li>Prof. M.\u00a0\u00a0Martin: <a href=\"https:\/\/www.dropbox.com\/scl\/fi\/eqthffe2repd7ib4u2vml\/Marcel-Martin_statement.pdf?rlkey=a8eaj297hth8mx0rdoo0bi9cz&amp;st=9jzz69ty&amp;dl=0\"><strong>Statement zum Projekt<\/strong><\/a><em>: <\/em><em>Auf dem Weg zu einer europ\u00e4ischen Bibliodrama-Fortbildung<\/em>\u00a0(2014)<\/li>\n<\/ol>\n\n\n\n<h2 class=\"wp-block-heading\">Aktuelle Aktivit\u00e4ten<\/h2>\n\n\n\n<h4 class=\"wp-block-heading\">Workshop in Schweden &#8211; &#8222;Himmel und Erde&#8220;<\/h4>\n\n\n\n<p>13. bis 17. Mai 2026 &#8211; Infos unter <a href=\"https:\/\/bibliodrama-gesellschaft.de\/wp\/veranstaltungen-2\/\" data-type=\"page\" data-id=\"230\">Veranstaltungen<\/a><\/p>\n\n\n\n<h4 class=\"wp-block-heading\">Workshop in Kreisau\/Kryszowa &#8211; &#8222;Schwerter zu Pflugscharen<\/h4>\n\n\n\n<p>vom 5. bis 9. Oktober 2026 &#8211; Infos unter<a href=\"https:\/\/bibliodrama-gesellschaft.de\/wp\/veranstaltungen-2\/\" data-type=\"page\" data-id=\"230\"> Veranstaltungen<\/a><\/p>\n\n\n\n<h4 class=\"wp-block-heading\">Workshop in Norwegen &#8211; &#8222;&#8230;und pl\u00f6tzlich bist du nah&#8220;<\/h4>\n\n\n\n<p>vom 16. bis 17. Oktober 2026 &#8211; Infos unter <a href=\"https:\/\/bibliodrama-gesellschaft.de\/wp\/veranstaltungen-2\/\" data-type=\"page\" data-id=\"230\">Veranstaltungen<\/a><\/p>\n\n\n\n<h2 class=\"wp-block-heading\">EBW 2026 in Huissen \/ Niederlande<\/h2>\n\n\n\n<figure class=\"wp-block-image size-large\"><img loading=\"lazy\" decoding=\"async\" width=\"1024\" height=\"292\" src=\"https:\/\/bibliodrama-gesellschaft.de\/wp\/wp-content\/uploads\/2024\/05\/eu_flag_co_funded_pos__rgb__right__2_-1024x292.jpg\" alt=\"\" class=\"wp-image-126\" srcset=\"https:\/\/bibliodrama-gesellschaft.de\/wp\/wp-content\/uploads\/2024\/05\/eu_flag_co_funded_pos__rgb__right__2_-1024x292.jpg 1024w, https:\/\/bibliodrama-gesellschaft.de\/wp\/wp-content\/uploads\/2024\/05\/eu_flag_co_funded_pos__rgb__right__2_-300x86.jpg 300w, https:\/\/bibliodrama-gesellschaft.de\/wp\/wp-content\/uploads\/2024\/05\/eu_flag_co_funded_pos__rgb__right__2_-768x219.jpg 768w, https:\/\/bibliodrama-gesellschaft.de\/wp\/wp-content\/uploads\/2024\/05\/eu_flag_co_funded_pos__rgb__right__2_-1536x439.jpg 1536w, https:\/\/bibliodrama-gesellschaft.de\/wp\/wp-content\/uploads\/2024\/05\/eu_flag_co_funded_pos__rgb__right__2_.jpg 1964w\" sizes=\"auto, (max-width: 1024px) 100vw, 1024px\" \/><\/figure>\n\n\n\n<p>Der n\u00e4chste europ\u00e4ische Workshop findet in der Niederlande vom vom 18.-22. August statt. Die Anmeldung l\u00e4uft bereits. <a href=\"https:\/\/www.bibliodrama-ebn.eu\/2026-huissennetherlands.html\" data-type=\"link\" data-id=\"https:\/\/www.bibliodrama-ebn.eu\/2026-huissennetherlands.html\">Mehr Infos bekommen Sie hier:<\/a><\/p>\n\n\n\n<h2 class=\"wp-block-heading\">European Network (ebn)<\/h2>\n\n\n\n<p>Das Europ\u00e4ische Bibliodrama-Netzwerk organisiert den j\u00e4hrlichen Europ\u00e4ischen Bibliodrama Kongress und koordiniert das europ\u00e4ische Bibliodrama-Fortbildungsprogramm EUROPEAN BIBLIODRAMA TRAINING.<\/p>\n\n\n\n<p>Mehr Infos dazu auf der offiziellen Seite des EBN: <a href=\"http:\/\/www.bibliodrama-ebn.eu\" target=\"_blank\" rel=\"noreferrer noopener\">www.bibliodrama-ebn.eu<\/a><\/p>\n\n\n\n<h2 class=\"wp-block-heading\">Europ\u00e4ischer Workshop<\/h2>\n\n\n\n<p>In jedem Jahr findet im Sommer ein Europ\u00e4ischer Workshop f\u00fcr Bibliodrama statt. Dieser Workshop dient dem Austausch und der Verst\u00e4ndigung innerhalb Europas. Diese Versanstaltung werden im Sekretariat des <a href=\"https:\/\/www.bibliodrama-ebn.eu\/\" data-type=\"link\" data-id=\"https:\/\/www.bibliodrama-ebn.eu\/\">EBN<\/a> vorbereitet.<\/p>\n\n\n\n<h5 class=\"wp-block-heading\">Europ\u00e4ischer Workshop in Schweden 2025<\/h5>\n\n\n\n<h2 class=\"wp-block-heading\">&#8222;Like a bridge&#8220; <\/h2>\n\n\n\n<p>Das war&#8230; mit Jakob am Jabbok vom 12.-16.8, 2025 in H\u00f6\u00f6r<\/p>\n\n\n\n<div class=\"wp-block-media-text is-stacked-on-mobile\"><figure class=\"wp-block-media-text__media\"><img loading=\"lazy\" decoding=\"async\" width=\"1024\" height=\"1024\" src=\"https:\/\/bibliodrama-gesellschaft.de\/wp\/wp-content\/uploads\/2025\/08\/1000053503-1024x1024.jpg\" alt=\"\" class=\"wp-image-965 size-full\" srcset=\"https:\/\/bibliodrama-gesellschaft.de\/wp\/wp-content\/uploads\/2025\/08\/1000053503-1024x1024.jpg 1024w, https:\/\/bibliodrama-gesellschaft.de\/wp\/wp-content\/uploads\/2025\/08\/1000053503-300x300.jpg 300w, https:\/\/bibliodrama-gesellschaft.de\/wp\/wp-content\/uploads\/2025\/08\/1000053503-150x150.jpg 150w, https:\/\/bibliodrama-gesellschaft.de\/wp\/wp-content\/uploads\/2025\/08\/1000053503-768x768.jpg 768w, https:\/\/bibliodrama-gesellschaft.de\/wp\/wp-content\/uploads\/2025\/08\/1000053503-1536x1536.jpg 1536w, https:\/\/bibliodrama-gesellschaft.de\/wp\/wp-content\/uploads\/2025\/08\/1000053503-2048x2048.jpg 2048w\" sizes=\"auto, (max-width: 1024px) 100vw, 1024px\" \/><\/figure><div class=\"wp-block-media-text__content\">\n<p>80 Bibliodramatikerinnen und Bibliodramatiker machten sich auf den Weg nach H\u00f6\u00f6r in S\u00fcdschweden um mit Jakob am Jabbok zu verweilen. In f\u00fcnf workshops fanden sich Menschen aus 6 Nationen. Leider haben wir diesem Jahr die Osteuerop\u00e4er vermissen m\u00fcssen. Vielf\u00e4ltig und in einem sch\u00f6nen Ambiente betraten manche das Ufer jenseits des Jabbok. Maria Harder<\/p>\n<\/div><\/div>\n\n\n\n<h2 class=\"wp-block-heading\">Sprachen im Bibliodrama &#8211; ein Projekt<\/h2>\n\n\n\n<figure class=\"wp-block-image size-full\"><img loading=\"lazy\" decoding=\"async\" width=\"633\" height=\"308\" src=\"https:\/\/bibliodrama-gesellschaft.de\/wp\/wp-content\/uploads\/2024\/12\/Porvo_Achtstetter1.jpg\" alt=\"\" class=\"wp-image-711\" srcset=\"https:\/\/bibliodrama-gesellschaft.de\/wp\/wp-content\/uploads\/2024\/12\/Porvo_Achtstetter1.jpg 633w, https:\/\/bibliodrama-gesellschaft.de\/wp\/wp-content\/uploads\/2024\/12\/Porvo_Achtstetter1-300x146.jpg 300w\" sizes=\"auto, (max-width: 633px) 100vw, 633px\" \/><\/figure>\n\n\n\n<p>&#8222;<strong><em>Die Hochzeit zu Kana<\/em>&#8220; im winterlich verzauberten Porvoo (Finnland)<\/strong><\/p>\n\n\n\n<p>F\u00fcr den 23.11.2024 war sie geplant \u2013 die Hochzeit zu Kana. Das hei\u00dft nat\u00fcrlich, die G\u00e4ste wussten es gar nicht, es ist ja schlie\u00dflich Bibliodramatag.<\/p>\n\n\n\n<p>So reisten Angelika Brennemann, Klaus-Dieter Nikischin und Daniela Achtstetter im Vorfeld an, um im Rahmen des Erasmus+-Projekts zu erforschen und zu erleben, wie sich Gottes Wort in anderen Sprachen anh\u00f6rt.<\/p>\n\n\n\n<p>Da selbst die Finninnen und Finnen von dem pl\u00f6tzlichen und fr\u00fchen Schneefall \u00fcberrascht waren, gestaltete sich die Anreise teils etwas turbulent \u2013 aber am Freitag, den 22.11.2024 waren wir alle angekommen. Und &#8211; es bot sich uns ein Winterwonderland, wie man es sich nur w\u00fcnschen kann.<\/p>\n\n\n\n<p>Porvoo ist ber\u00fchmt f\u00fcr seine historische Altstadt, welche bei Schnee ihre ganze Faszination aus\u00fcben konnte. Wir waren verzaubert.<\/p>\n\n\n\n<p>Bei herrlichem Wetter, Sonnenschein und Schnee, startete am Samstag der Workshop im gem\u00fctlichen Gemeindehaus der schwedischen Gemeinde in Porvoo\/Finnland.<\/p>\n\n\n\n<p>Die Gemeindepfarrerin Elefteria Apostolidou empfing uns herzlichst und wir starteten in einen wunderbaren Tag. Mehrsprachig n\u00e4herten wir uns dem Text \u201edie Hochzeit zu Kana\u201c. Es wurde finnisch, schwedisch, englisch und deutsch gesprochen und geschrieben.<\/p>\n\n\n\n<p>Wir arbeiteten kreativ und intensiv. Insbesondere galt unser Augenmerk der Vielsprachigkeit. Wo gibt es \u00c4hnlichkeiten? Welche \u00dcbersetzung passt? Was hei\u00dft das Wort denn in der anderen Sprache? Was bedeutet das Wort nun genau? Vielleicht gef\u00e4llt mir die \u00dcbersetzung viel besser? Gibt es eine genaue \u00dcbersetzung? Was ist der Hintergrund f\u00fcr die einzelnen Begriffe? Brauchen wir eine Sprache, die alle verstehen? Wie ist es mit meiner Muttersprache?<\/p>\n\n\n\n<p>Welche H\u00fcrden und Chancen bietet eine Mehrsprachigkeit? Welchen Stellenwert hat meine Herzenssprache? \u2013 alles Fragestellungen welchen wir n\u00e4her auf die Spur kamen.<\/p>\n\n\n\n<p>Das alles in einem \u00e4u\u00dferst freundlichen und gem\u00fctlichen Setting. So konnten wir dann schlie\u00dflich auch in all unserer sprachlichen Unterschiedlichkeit an der Hochzeit teilnehmen.<\/p>\n\n\n\n<p>Abschlie\u00dfend haben wir noch die M\u00f6glichkeit eines Austausches mit der Pfarrerin genutzt, welche auch im Dezember zu einem weiteren Bibliodramatag nach Helsinki einl\u00e4dt. Insgesamt handelt es sich um eine Reihe von 4 Bibliodramatagen in Finnland, von denen der oben geschilderte der 3. war.<\/p>\n\n\n\n<p>Am 24.11.2024 durften wir durch das zauberhaft verschneite Umland von Helsinki zur\u00fcckreisen und machten uns auf den Heimweg.<\/p>\n\n\n\n<p>Viele wundervolle Erfahrungen, mehrsprachiger Austausch, theologische Tiefe, Erleben und Kreatives \u2013 und das alles in Gottes wunderbarer Sch\u00f6pfung \u2013 ein bewegendes Erlebnis.<\/p>\n\n\n\n<p>Daniela Achtstetter, 07.12.2024<\/p>\n\n\n\n<h2 class=\"wp-block-heading\">Bibliodrama in Tanzania<\/h2>\n\n\n\n<figure class=\"wp-block-image size-large\"><img loading=\"lazy\" decoding=\"async\" width=\"1024\" height=\"683\" src=\"https:\/\/bibliodrama-gesellschaft.de\/wp\/wp-content\/uploads\/2024\/12\/celebrating-the-fellowship.T.-Engel-1-1024x683.jpeg\" alt=\"\" class=\"wp-image-696\" srcset=\"https:\/\/bibliodrama-gesellschaft.de\/wp\/wp-content\/uploads\/2024\/12\/celebrating-the-fellowship.T.-Engel-1-1024x683.jpeg 1024w, https:\/\/bibliodrama-gesellschaft.de\/wp\/wp-content\/uploads\/2024\/12\/celebrating-the-fellowship.T.-Engel-1-300x200.jpeg 300w, https:\/\/bibliodrama-gesellschaft.de\/wp\/wp-content\/uploads\/2024\/12\/celebrating-the-fellowship.T.-Engel-1-768x512.jpeg 768w, https:\/\/bibliodrama-gesellschaft.de\/wp\/wp-content\/uploads\/2024\/12\/celebrating-the-fellowship.T.-Engel-1.jpeg 1080w\" sizes=\"auto, (max-width: 1024px) 100vw, 1024px\" \/><\/figure>\n\n\n\n<p>Im November ging ein Bibliodrama Training im Theologischen College in<br>Lutengano in der S\u00fcdprovinz Tansanias zuende.<\/p>\n\n\n\n<p>Im Bibliodrama bringen die Teilnehmenden einen biblischen Text in den<br>Dialog mit dem eigenen Erleben und dem der anderen. Dabei werden<br>kreative Methoden genutzt, um sich in die Rollen des Textes und in<br>dessen Inhalte hineinzubegeben. Das erm\u00f6glicht, dass sich viele daran<br>beteiligen und die Gottes- und Jesuworte neu entdecken.<\/p>\n\n\n\n<p>Bei einem Partnerschaftsbesuch der Br\u00fcdergemeine Rhein-Main in Tansania<br>hat diese Methode so viel Anklang gefunden, dass die &#8222;Moravian Church<br>Southern Tanzania&#8220; zwei Bibliodrama Trainer eingeladen hat.<\/p>\n\n\n\n<p>So erkundeten in der letzten Woche zehn Frauen und f\u00fcnfzehn M\u00e4nner<br>zusammen mit Trevor Engel aus Bonn und S\u00fcdafrika und Beata Chrudzimska<br>aus Polen u.a. die Geschichte von Z\u00e4chaus und Jesus aus Lukas 19,1-10.<br>In einer &#8222;Viagese&#8220; wurde das Geschehen Vers f\u00fcr Vers am Boden liegend<br>umrundet. Der Baum, der Zach\u00e4us half, Jesus zu sehen, entstand am Ende<br>vor den Augen aller &#8211; in ihm waren die Entdeckungen aus der ganzen<br>Gruppe zu finden.<\/p>\n\n\n\n<p>Im November 2025 soll es in Tansania weitergehen.<\/p>\n\n\n\n<p>F\u00fcr zwei aus der Gruppe wird diese Fortbildung schon im August 2025 in<br>Herrnhaag in Deutschland eine Fortsetzung finden. Dort findet ein<br>&#8222;Internationales Bibliodrama Training&#8220; statt, zu dem auch Geschwister<br>aus S\u00fcdafrika, Tschechien, den Niederlanden und Deutschland<br>zusammenkommen werden.<\/p>\n\n\n\n<p><\/p>\n","protected":false},"excerpt":{"rendered":"<p>Partner f\u00fcr Europa Die GfB wurde f\u00fcr ihr Engagement f\u00fcr Europa von der Deutschen Nationalen Agentur Bildung f\u00fcr Europa mit dem Projektschild Partner f\u00fcr Europa ausgezeichnet. In dem Schreiben heisst es: &#8222;Das Schild dokumentiert Ihren Einsatz f\u00fcr Europa. &#8230; und kann als Bekenntnis zu Europa wahrgenommen werden.&#8220; Bibliodrama als Form interkultureller Bildung und Begegnung Bibliodrama [&hellip;]<\/p>\n","protected":false},"author":1,"featured_media":0,"parent":0,"menu_order":0,"comment_status":"closed","ping_status":"closed","template":"","meta":{"footnotes":""},"class_list":["post-87","page","type-page","status-publish","hentry"],"_links":{"self":[{"href":"https:\/\/bibliodrama-gesellschaft.de\/wp\/wp-json\/wp\/v2\/pages\/87","targetHints":{"allow":["GET"]}}],"collection":[{"href":"https:\/\/bibliodrama-gesellschaft.de\/wp\/wp-json\/wp\/v2\/pages"}],"about":[{"href":"https:\/\/bibliodrama-gesellschaft.de\/wp\/wp-json\/wp\/v2\/types\/page"}],"author":[{"embeddable":true,"href":"https:\/\/bibliodrama-gesellschaft.de\/wp\/wp-json\/wp\/v2\/users\/1"}],"replies":[{"embeddable":true,"href":"https:\/\/bibliodrama-gesellschaft.de\/wp\/wp-json\/wp\/v2\/comments?post=87"}],"version-history":[{"count":10,"href":"https:\/\/bibliodrama-gesellschaft.de\/wp\/wp-json\/wp\/v2\/pages\/87\/revisions"}],"predecessor-version":[{"id":1187,"href":"https:\/\/bibliodrama-gesellschaft.de\/wp\/wp-json\/wp\/v2\/pages\/87\/revisions\/1187"}],"wp:attachment":[{"href":"https:\/\/bibliodrama-gesellschaft.de\/wp\/wp-json\/wp\/v2\/media?parent=87"}],"curies":[{"name":"wp","href":"https:\/\/api.w.org\/{rel}","templated":true}]}}